{"id":8,"date":"2026-03-25T15:30:12","date_gmt":"2026-03-25T18:30:12","guid":{"rendered":"https:\/\/gtexpresstransportes.com.br\/?page_id=8"},"modified":"2026-03-25T15:35:31","modified_gmt":"2026-03-25T18:35:31","slug":"inicio","status":"publish","type":"page","link":"http:\/\/gtexpresstransportes.com.br\/?page_id=8","title":{"rendered":"In\u00edcio"},"content":{"rendered":"\n<p><strong>GT Express Transportes<\/strong><br>Solu\u00e7\u00f5es r\u00e1pidas e seguras em transporte de cargas.<\/p>\n\n\n\n<p>\ud83d\ude9a Coletas e entregas r\u00e1pidas<br>\ud83d\udce6 Transporte de mercadorias<br>\ud83c\udfe2 Atendimento para empresas<br>\ud83d\udccd Atendemos S\u00e3o Paulo e regi\u00e3o<\/p>\n\n\n\n<hr class=\"wp-block-separator has-alpha-channel-opacity\"\/>\n\n\n\n<p><strong>Por que escolher a GT Express?<\/strong><\/p>\n\n\n\n<p>\u2714\ufe0f Agilidade nas entregas<br>\u2714\ufe0f Seguran\u00e7a na sua carga<br>\u2714\ufe0f Equipe experiente<br>\u2714\ufe0f Atendimento r\u00e1pido via WhatsApp<\/p>\n\n\n\n<hr class=\"wp-block-separator has-alpha-channel-opacity\"\/>\n\n\n\n<p>\ud83d\udcde <strong>Solicite um or\u00e7amento agora mesmo!<\/strong><\/p>\n","protected":false},"excerpt":{"rendered":"<p>GT Express TransportesSolu\u00e7\u00f5es r\u00e1pidas e seguras em transporte de cargas. \ud83d\ude9a Coletas e entregas r\u00e1pidas\ud83d\udce6 Transporte de mercadorias\ud83c\udfe2 Atendimento para empresas\ud83d\udccd Atendemos S\u00e3o Paulo e regi\u00e3o Por que escolher a GT Express? \u2714\ufe0f Agilidade nas entregas\u2714\ufe0f Seguran\u00e7a na sua carga\u2714\ufe0f Equipe experiente\u2714\ufe0f Atendimento r\u00e1pido via WhatsApp \ud83d\udcde Solicite um or\u00e7amento agora mesmo!<\/p>\n","protected":false},"author":1,"featured_media":0,"parent":0,"menu_order":0,"comment_status":"closed","ping_status":"closed","template":"page-with-title","meta":{"footnotes":""},"class_list":["post-8","page","type-page","status-publish","hentry"],"_links":{"self":[{"href":"http:\/\/gtexpresstransportes.com.br\/index.php?rest_route=\/wp\/v2\/pages\/8","targetHints":{"allow":["GET"]}}],"collection":[{"href":"http:\/\/gtexpresstransportes.com.br\/index.php?rest_route=\/wp\/v2\/pages"}],"about":[{"href":"http:\/\/gtexpresstransportes.com.br\/index.php?rest_route=\/wp\/v2\/types\/page"}],"author":[{"embeddable":true,"href":"http:\/\/gtexpresstransportes.com.br\/index.php?rest_route=\/wp\/v2\/users\/1"}],"replies":[{"embeddable":true,"href":"http:\/\/gtexpresstransportes.com.br\/index.php?rest_route=%2Fwp%2Fv2%2Fcomments&post=8"}],"version-history":[{"count":2,"href":"http:\/\/gtexpresstransportes.com.br\/index.php?rest_route=\/wp\/v2\/pages\/8\/revisions"}],"predecessor-version":[{"id":10,"href":"http:\/\/gtexpresstransportes.com.br\/index.php?rest_route=\/wp\/v2\/pages\/8\/revisions\/10"}],"wp:attachment":[{"href":"http:\/\/gtexpresstransportes.com.br\/index.php?rest_route=%2Fwp%2Fv2%2Fmedia&parent=8"}],"curies":[{"name":"wp","href":"https:\/\/api.w.org\/{rel}","templated":true}]}}